{"id":179,"date":"2015-07-02T13:24:22","date_gmt":"2015-07-02T10:24:22","guid":{"rendered":"http:\/\/clubatabay.com\/de\/anasayfa\/"},"modified":"2015-08-25T11:15:24","modified_gmt":"2015-08-25T08:15:24","slug":"anasayfa","status":"publish","type":"page","link":"https:\/\/clubatabay.com\/de\/","title":{"rendered":"HAUPTSEITE"},"content":{"rendered":"<div id=\"x-section-1\" class=\"x-section\" style=\"margin: 0px 0px 0px 0px; padding: 45px 0px 45px 0px;  background-color: transparent;\" ><div id=\"\" class=\"x-container max width\" style=\"margin: 0px auto 0px auto; padding: 0px 0px 0px 0px; \" ><div  class=\"x-column x-sm x-1-3\" style=\"padding: 0px 0px 0px 0px; \" ><h2  class=\"h-custom-headline center-text  h3 accent\" ><span>Club Atabay<\/span><\/h2><div id=\"\" class=\"x-text\" style=\"\" ><p><img loading=\"lazy\" decoding=\"async\" src=\"http:\/\/clubatabay.com\/wp-content\/uploads\/2015\/07\/Hakkinda1-300x200.jpg\" alt=\"Hakkinda\" width=\"300\" height=\"200\" class=\"aligncenter size-medium wp-image-30\" srcset=\"https:\/\/clubatabay.com\/wp-content\/uploads\/2015\/07\/Hakkinda1.jpg 300w, https:\/\/clubatabay.com\/wp-content\/uploads\/2015\/07\/Hakkinda1-100x67.jpg 100w\" sizes=\"(max-width: 300px) 100vw, 300px\" \/><\/p>\n<\/div><div id=\"\" class=\"x-text center-text\" style=\"\" ><div style=\"height:120px\">In einer Bucht, frei von Stra\u00dfenverkehr und Geb\u00e4uden, wo Gr\u00fcn sich mit Blau trifft, liegt Club Atabay, 60 km von Istanbul entfernt und erwartet Sie und Ihre Familie, eine einmalig friedliche und warme Athmosp\u00e4re zu erleben.<\/div>\n<p><a class=\"readmore\" href=\"#\">DETAILS<\/a><\/p>\n<\/div><\/div><div  class=\"x-column x-sm x-1-3\" style=\"padding: 0px 0px 0px 0px; \" ><h2  class=\"h-custom-headline center-text  h3 accent\" ><span>Entdecken<\/span><\/h2><div id=\"\" class=\"x-text\" style=\"\" ><p><img loading=\"lazy\" decoding=\"async\" class=\"aligncenter size-medium wp-image-31\" src=\"http:\/\/clubatabay.com\/wp-content\/uploads\/2015\/07\/Kesfet1-300x200.jpg\" alt=\"Kesfet\" width=\"300\" height=\"200\" srcset=\"https:\/\/clubatabay.com\/wp-content\/uploads\/2015\/07\/Kesfet1.jpg 300w, https:\/\/clubatabay.com\/wp-content\/uploads\/2015\/07\/Kesfet1-100x67.jpg 100w\" sizes=\"(max-width: 300px) 100vw, 300px\" \/><\/p>\n<\/div><div id=\"\" class=\"x-text center-text\" style=\"\" ><div style=\"height:120px\">Wir w\u00e4ren gl\u00fccklich, Sie und Ihre Familie in dieser verborgenen Welt zu empfangen. Nebst Club Atabay empfehlen wir 3 Orte, die darauf warten, entdeckt zu werden.<\/div>\n<p><a class=\"readmore\" href=\"#\">DETAILS<\/a><\/p>\n<\/div><\/div><div  class=\"x-column x-sm x-1-3\" style=\"padding: 0px 0px 0px 0px; \" ><h2  class=\"h-custom-headline center-text  h3 accent\" ><span>Standort<\/span><\/h2><div id=\"\" class=\"x-text\" style=\"\" ><p><iframe loading=\"lazy\" src=\"https:\/\/www.google.com\/maps\/embed?pb=!1m14!1m8!1m3!1d48346.22839549242!2d29.442439999999998!3d40.769958!3m2!1i1024!2i768!4f13.1!3m3!1m2!1s0x0%3A0x4e6ec99d67be7dbe!2sClub+Atabay!5e0!3m2!1str!2sus!4v1435865132841\" width=\"300\" height=\"195\" frameborder=\"0\" style=\"border:0\" allowfullscreen><\/iframe><\/p>\n<\/div><div id=\"\" class=\"x-text center-text\" style=\"\" ><div style=\"margin-top: -8px; height: 120px;\">Arpal\u0131k Mevkii, Dorf Eskihisar Gebze\/Kocaeli<br \/>\n\u0130stanbul- Stadtmitte: <strong>60 km<\/strong><br \/>\nFlughafen Sabiha-G\u00f6k\u00e7en: <strong>20 km<\/strong><br \/>\nZoo von Dar\u0131ca, Eskihisar: <strong>4km.<\/strong><\/div>\n<p><a class=\"readmore\" style=\"margin-top: 6px;\" href=\"\/iletisim\">DETAILS<\/a><\/p>\n<\/div><\/div><\/div><\/div><div id=\"x-section-2\" class=\"x-section\" style=\"margin: 0px 0px 0px 0px; padding: 45px 0px 45px 0px;  background-color: transparent;\" ><div id=\"\" class=\"x-container max width\" style=\"margin: 0px auto 0px auto; padding: 0px 0px 0px 0px; \" ><div  class=\"x-column x-sm x-1-1\" style=\"padding: 0px 0px 0px 0px; \" ><div  class=\"x-raw-content\" ><div class=\"rez-box\"><div class=\"closeb\"><\/div><div class=\"nextb\"><\/div><span class=\"baslik\">Otel Rezervasyon<\/span><a href=\"\/de\/kontakt\">> HOTEL<\/a><a style=\"font-size:13px;\" href=\"\/de\/kontakt\">> HOTEL + TRANSFER<\/a><\/div><\/div><\/div><\/div><\/div>\n","protected":false},"excerpt":{"rendered":"","protected":false},"author":2,"featured_media":0,"parent":0,"menu_order":0,"comment_status":"closed","ping_status":"closed","template":"","meta":{"footnotes":""},"_links":{"self":[{"href":"https:\/\/clubatabay.com\/de\/wp-json\/wp\/v2\/pages\/179"}],"collection":[{"href":"https:\/\/clubatabay.com\/de\/wp-json\/wp\/v2\/pages"}],"about":[{"href":"https:\/\/clubatabay.com\/de\/wp-json\/wp\/v2\/types\/page"}],"author":[{"embeddable":true,"href":"https:\/\/clubatabay.com\/de\/wp-json\/wp\/v2\/users\/2"}],"replies":[{"embeddable":true,"href":"https:\/\/clubatabay.com\/de\/wp-json\/wp\/v2\/comments?post=179"}],"version-history":[{"count":5,"href":"https:\/\/clubatabay.com\/de\/wp-json\/wp\/v2\/pages\/179\/revisions"}],"predecessor-version":[{"id":457,"href":"https:\/\/clubatabay.com\/de\/wp-json\/wp\/v2\/pages\/179\/revisions\/457"}],"wp:attachment":[{"href":"https:\/\/clubatabay.com\/de\/wp-json\/wp\/v2\/media?parent=179"}],"curies":[{"name":"wp","href":"https:\/\/api.w.org\/{rel}","templated":true}]}}