{"id":185,"date":"2015-07-03T00:23:16","date_gmt":"2015-07-02T21:23:16","guid":{"rendered":"http:\/\/clubatabay.com\/de\/club-atabay\/"},"modified":"2015-08-24T00:46:43","modified_gmt":"2015-08-23T21:46:43","slug":"club-atabay","status":"publish","type":"page","link":"https:\/\/clubatabay.com\/de\/club-atabay\/","title":{"rendered":"Club Atabay"},"content":{"rendered":"<div id=\"x-section-1\" class=\"x-section\" style=\"margin: 0px 0px 0px 0px; padding: 45px 0px 45px 0px;  background-color: transparent;\" ><div id=\"\" class=\"x-container max width\" style=\"margin: 0px auto 0px auto; padding: 0px 0px 0px 0px; \" ><div  class=\"x-column x-sm x-1-1\" style=\"padding: 0px 0px 0px 0px; \" ><h2  class=\"h-custom-headline h3 accent\" ><span>Club Atabay<\/span><\/h2><div id=\"\" class=\"x-text\" style=\"\" ><p><strong>Club Atabay<\/strong> ist ein maritimes und kulturelles Zentrum in einer friedlichen und speziellen Bucht am Marmarameer<\/p>\n<p>Von Istanbul mit einmaligen Sehensw\u00fcrdigkeiten und perfekten Einkaufsm\u00f6glichkeiten liegt es nur 60 km (etwa 1 Stunde mit Auto) entfernt. Eskihisar, ein typisches Fischerdorf und Erholungsort, befindet sich gleich in der N\u00e4he. Nebst der vortrefflichen Leckereien der \u00f6rtlichen Restaurants kann man hier im kleinen Museum von Eskihisar die Kollektion vom ber\u00fchmten Maler Osman Hamdi Bey. Unter den zu besichtigenden Orten in der Umgebung sind die \u00dcberreste der einst m\u00e4chtigen Festung und die Grabst\u00e4tte Hannibals. Mittels des Autof\u00e4hrenanschlu\u00dfes in Eskihisar kann man die einmalig sch\u00f6ne Stadt Bursa mit ihren Moscheen, Basaren und Hamams leicht erreichen.<\/p>\n<p><strong>Club Atabay<\/strong> verf\u00fcgt \u00fcber 21 komfortabel und geschmackvoll eingerichtete Zimmer. Jedes Zimmer hat Meerblick, ein Badezimmer mit Dusche und WC, Zentralheizung, Kabel-TV und Klimaanlage. In den 2 Suiten unseres Hotels befinden sich zus\u00e4tzlich Minibars. Im ganzen Hotel besteht WiFi-Internetanschlu\u00df. <\/p>\n<p>Nebst all diese finden Sie hier ein Restaurant, das Ihnen die auserlesensten Gen\u00fcsse aus der t\u00fcrkischen K\u00fcche bietet, eine Bar und eine Bibliothek mit B\u00fcchern in verschiedensten Sprachen. <\/p>\n<p><strong>Club Atabay<\/strong> ist ganzj\u00e4hrig in Betrieb. Auch au\u00dfer Saisonzeit bieten wir unseren G\u00e4sten die traditionelle t\u00fcrkische Gastfreundschaft in einem ruhigen und friedvollen Ambiente.  <\/p>\n<p>Es befinden sich zwei gro\u00dfe Terrassen und ein gepflegter Garten zur Erholung und Sonnenbad. Je nach ihrem belieben k\u00f6nnen sich unsere G\u00e4ste f\u00fcr den Swimmingpool oder das Meer entscheiden.<\/p>\n<p>Gegen winterliche Bedingungen voll ausgestattete Pflege-Service mit Mobillift f\u00fcr 60 Yachts bis 150 Tonnen ist eine weitere M\u00f6glichkeit, die wir den Liebhabern des Meeres bieten.<\/p>\n<p><strong>Club Atabay<\/strong> ist eine Einrichtung der Unternehmensgruppe Atabay. <\/p>\n<\/div><\/div><\/div><\/div>\n","protected":false},"excerpt":{"rendered":"","protected":false},"author":2,"featured_media":0,"parent":0,"menu_order":0,"comment_status":"closed","ping_status":"closed","template":"","meta":{"footnotes":""},"_links":{"self":[{"href":"https:\/\/clubatabay.com\/de\/wp-json\/wp\/v2\/pages\/185"}],"collection":[{"href":"https:\/\/clubatabay.com\/de\/wp-json\/wp\/v2\/pages"}],"about":[{"href":"https:\/\/clubatabay.com\/de\/wp-json\/wp\/v2\/types\/page"}],"author":[{"embeddable":true,"href":"https:\/\/clubatabay.com\/de\/wp-json\/wp\/v2\/users\/2"}],"replies":[{"embeddable":true,"href":"https:\/\/clubatabay.com\/de\/wp-json\/wp\/v2\/comments?post=185"}],"version-history":[{"count":2,"href":"https:\/\/clubatabay.com\/de\/wp-json\/wp\/v2\/pages\/185\/revisions"}],"predecessor-version":[{"id":224,"href":"https:\/\/clubatabay.com\/de\/wp-json\/wp\/v2\/pages\/185\/revisions\/224"}],"wp:attachment":[{"href":"https:\/\/clubatabay.com\/de\/wp-json\/wp\/v2\/media?parent=185"}],"curies":[{"name":"wp","href":"https:\/\/api.w.org\/{rel}","templated":true}]}}