{"id":201,"date":"2015-07-28T01:02:43","date_gmt":"2015-07-27T22:02:43","guid":{"rendered":"http:\/\/clubatabay.com\/de\/etkinlikler-ve-toplanti\/"},"modified":"2015-08-24T00:50:58","modified_gmt":"2015-08-23T21:50:58","slug":"aktivitaeten-und-meeting","status":"publish","type":"page","link":"https:\/\/clubatabay.com\/de\/aktivitaeten-und-meeting\/","title":{"rendered":"AKTIVIT\u00c4TEN UND MEETING"},"content":{"rendered":"<div id=\"x-section-1\" class=\"x-section\" style=\"margin: 0px 0px 0px 0px; padding: 45px 0px 45px 0px;  background-color: transparent;\" ><div id=\"\" class=\"x-container max width\" style=\"margin: 0px auto 0px auto; padding: 0px 0px 0px 0px; \" ><div  class=\"x-column x-sm center-text  x-1-2\" style=\"padding: 0px 0px 0px 0px; \" ><h2  class=\"h-custom-headline h3 accent\" ><span>Aktivit\u00e4ten<\/span><\/h2><div id=\"\" class=\"x-text\" style=\"\" ><p><img loading=\"lazy\" decoding=\"async\" class=\"aligncenter size-full wp-image-133\" src=\"http:\/\/clubatabay.com\/wp-content\/uploads\/2015\/07\/Etkinlik.jpg\" alt=\"Etkinlik\" width=\"496\" height=\"209\" srcset=\"https:\/\/clubatabay.com\/wp-content\/uploads\/2015\/07\/Etkinlik.jpg 496w, https:\/\/clubatabay.com\/wp-content\/uploads\/2015\/07\/Etkinlik-300x126.jpg 300w, https:\/\/clubatabay.com\/wp-content\/uploads\/2015\/07\/Etkinlik-100x42.jpg 100w\" sizes=\"(max-width: 496px) 100vw, 496px\" \/>Ein ideales Ambiente, erlesener Treffpunkt mit Garten f\u00fcr Banketts, Koktails und Sonderrezeptionen an Ihren unwiederholbaren Spezialtagen.<\/p>\n<\/div><\/div><div  class=\"x-column x-sm center-text  x-1-2\" style=\"padding: 0px 0px 0px 0px; \" ><h2  class=\"h-custom-headline h3 accent\" ><span>Meetings<\/span><\/h2><div id=\"\" class=\"x-text\" style=\"\" ><p><img loading=\"lazy\" decoding=\"async\" src=\"http:\/\/clubatabay.com\/wp-content\/uploads\/2015\/07\/Toplanti.jpg\" alt=\"Toplanti\" width=\"496\" height=\"209\" class=\"aligncenter size-full wp-image-134\" srcset=\"https:\/\/clubatabay.com\/wp-content\/uploads\/2015\/07\/Toplanti.jpg 496w, https:\/\/clubatabay.com\/wp-content\/uploads\/2015\/07\/Toplanti-300x126.jpg 300w, https:\/\/clubatabay.com\/wp-content\/uploads\/2015\/07\/Toplanti-100x42.jpg 100w\" sizes=\"(max-width: 496px) 100vw, 496px\" \/>Ein Meetingraum von 35 m2 steht Ihnen f\u00fcr Ihre Gesch\u00e4fts- und Managementsitzungen sowie Bildungsseminare und sozialen Aktivit\u00e4ten zur Verf\u00fcgung. Au\u00dferdem geht unser Meetingraum zu einem kleinen Hof hinaus.<\/p>\n<p>Unsere Kapzit\u00e4t betr\u00e4gt 45 Personen in Zuschuerordnung und 30 Personen in Tischordnung.<\/p>\n<\/div><\/div><\/div><\/div>\n","protected":false},"excerpt":{"rendered":"","protected":false},"author":2,"featured_media":0,"parent":0,"menu_order":0,"comment_status":"closed","ping_status":"open","template":"","meta":{"footnotes":""},"_links":{"self":[{"href":"https:\/\/clubatabay.com\/de\/wp-json\/wp\/v2\/pages\/201"}],"collection":[{"href":"https:\/\/clubatabay.com\/de\/wp-json\/wp\/v2\/pages"}],"about":[{"href":"https:\/\/clubatabay.com\/de\/wp-json\/wp\/v2\/types\/page"}],"author":[{"embeddable":true,"href":"https:\/\/clubatabay.com\/de\/wp-json\/wp\/v2\/users\/2"}],"replies":[{"embeddable":true,"href":"https:\/\/clubatabay.com\/de\/wp-json\/wp\/v2\/comments?post=201"}],"version-history":[{"count":2,"href":"https:\/\/clubatabay.com\/de\/wp-json\/wp\/v2\/pages\/201\/revisions"}],"predecessor-version":[{"id":230,"href":"https:\/\/clubatabay.com\/de\/wp-json\/wp\/v2\/pages\/201\/revisions\/230"}],"wp:attachment":[{"href":"https:\/\/clubatabay.com\/de\/wp-json\/wp\/v2\/media?parent=201"}],"curies":[{"name":"wp","href":"https:\/\/api.w.org\/{rel}","templated":true}]}}