{"id":391,"date":"2015-07-28T01:25:04","date_gmt":"2015-07-27T22:25:04","guid":{"rendered":"http:\/\/clubatabay.com\/de\/cevreyi-kesfet\/"},"modified":"2015-08-24T19:30:33","modified_gmt":"2015-08-24T16:30:33","slug":"entdecke-die-umgebung","status":"publish","type":"page","link":"https:\/\/clubatabay.com\/de\/entdecke-die-umgebung\/","title":{"rendered":"Entdecke die Umgebung"},"content":{"rendered":"<div id=\"x-section-1\" class=\"x-section\" style=\"margin: 0px 0px 0px 0px; padding: 45px 0px 45px 0px;  background-color: transparent;\" ><div id=\"\" class=\"x-container max width\" style=\"margin: 0px auto 0px auto; padding: 0px 0px 0px 0px; \" ><div  class=\"x-column x-sm x-1-1\" style=\"padding: 0px 0px 0px 0px; \" ><h2  class=\"h-custom-headline h3 accent\" ><span>Haus und Museum von Osman Hamdi Bey &#8211; Eskihisar-Gebze<\/span><\/h2><div id=\"\" class=\"x-text\" style=\"\" ><p><img loading=\"lazy\" decoding=\"async\" src=\"http:\/\/clubatabay.com\/wp-content\/uploads\/2015\/07\/osman-hamdi-bey-muzesi-b1-1024x681.jpg\" alt=\"osman-hamdi-bey-muzesi-b\" width=\"1024\" height=\"681\" class=\"aligncenter size-large wp-image-164\" srcset=\"https:\/\/clubatabay.com\/wp-content\/uploads\/2015\/07\/osman-hamdi-bey-muzesi-b1.jpg 1024w, https:\/\/clubatabay.com\/wp-content\/uploads\/2015\/07\/osman-hamdi-bey-muzesi-b1-300x200.jpg 300w, https:\/\/clubatabay.com\/wp-content\/uploads\/2015\/07\/osman-hamdi-bey-muzesi-b1-100x67.jpg 100w\" sizes=\"(max-width: 1024px) 100vw, 1024px\" \/>Es wurde von dem ber\u00fchmten t\u00fcrkischen Museumskurator und Maler Osman Hamdi Bey (1842-1910) im Jahre 1884 in Gebze, an der Westk\u00fcste von Eskihisar als Landhaus Malatelier, Bootshaus und Gesindeunterkunft erbaut.<\/p>\n<\/div><a  class=\"x-btn x-btn-large\"  href=\"http:\/\/www.gebze.gov.tr\/default_B0.aspx?content=1056\"  target=\"_blank\" rel=\"\"   data-options=\"thumbnail: ''\">Mehr Auskunft<\/a><h2  class=\"h-custom-headline h3 accent\" ><span>Zoo von Dar\u0131ca<\/span><\/h2><div id=\"\" class=\"x-text\" style=\"\" ><p><img loading=\"lazy\" decoding=\"async\" src=\"http:\/\/clubatabay.com\/wp-content\/uploads\/2015\/07\/darica-hayvanat-bahcesi-1024x620.jpg\" alt=\"darica-hayvanat-bahcesi\" width=\"1024\" height=\"620\" class=\"aligncenter size-large wp-image-165\" srcset=\"https:\/\/clubatabay.com\/wp-content\/uploads\/2015\/07\/darica-hayvanat-bahcesi-1024x620.jpg 1024w, https:\/\/clubatabay.com\/wp-content\/uploads\/2015\/07\/darica-hayvanat-bahcesi-300x182.jpg 300w, https:\/\/clubatabay.com\/wp-content\/uploads\/2015\/07\/darica-hayvanat-bahcesi-100x61.jpg 100w, https:\/\/clubatabay.com\/wp-content\/uploads\/2015\/07\/darica-hayvanat-bahcesi-1200x727.jpg 1200w, https:\/\/clubatabay.com\/wp-content\/uploads\/2015\/07\/darica-hayvanat-bahcesi.jpg 1600w\" sizes=\"(max-width: 1024px) 100vw, 1024px\" \/><\/p>\n<p>Entdecken Sie den ersten und einzigen privaten zoologischen und botanischen Garten der T\u00fcrkei mit einer Tierbev\u00f6lkerung von 3000 Tieren in fast 250 Tierarten sowie \u00fcber 600 Pflanzenarten.<\/p>\n<\/div><a  class=\"x-btn x-btn-large\"  href=\"http:\/\/www.farukyalcinzoo.com\/\"  target=\"_blank\" rel=\"\"   data-options=\"thumbnail: ''\">Mehr Auskunft<\/a><h2  class=\"h-custom-headline h3 accent\" ><span>Burg von Eskihisar<\/span><\/h2><div id=\"\" class=\"x-text\" style=\"\" ><p><img loading=\"lazy\" decoding=\"async\" src=\"http:\/\/clubatabay.com\/wp-content\/uploads\/2015\/07\/eskihisar-kalesi1-1024x512.jpg\" alt=\"eskihisar-kalesi\" width=\"1024\" height=\"512\" class=\"aligncenter size-large wp-image-166\" srcset=\"https:\/\/clubatabay.com\/wp-content\/uploads\/2015\/07\/eskihisar-kalesi1-1024x512.jpg 1024w, https:\/\/clubatabay.com\/wp-content\/uploads\/2015\/07\/eskihisar-kalesi1-300x150.jpg 300w, https:\/\/clubatabay.com\/wp-content\/uploads\/2015\/07\/eskihisar-kalesi1-100x50.jpg 100w, https:\/\/clubatabay.com\/wp-content\/uploads\/2015\/07\/eskihisar-kalesi1-1200x600.jpg 1200w, https:\/\/clubatabay.com\/wp-content\/uploads\/2015\/07\/eskihisar-kalesi1.jpg 1600w\" sizes=\"(max-width: 1024px) 100vw, 1024px\" \/>Auf einem H\u00fcgel bei Eskihisar, wo mit byzantinischer und osmanischer Kunst verflechtetrchtet ist,  reflektiert die Burg von Eskihisar die byzantinische Architecktur.<\/p>\n<\/div><a  class=\"x-btn x-btn-large\"  href=\"http:\/\/www.gebze.gov.tr\/default_B0.aspx?content=1058\"  target=\"_blank\" rel=\"\"   data-options=\"thumbnail: ''\">Mehr Auskunft<\/a><\/div><\/div><\/div>\n","protected":false},"excerpt":{"rendered":"","protected":false},"author":2,"featured_media":0,"parent":0,"menu_order":0,"comment_status":"closed","ping_status":"open","template":"","meta":{"footnotes":""},"_links":{"self":[{"href":"https:\/\/clubatabay.com\/de\/wp-json\/wp\/v2\/pages\/391"}],"collection":[{"href":"https:\/\/clubatabay.com\/de\/wp-json\/wp\/v2\/pages"}],"about":[{"href":"https:\/\/clubatabay.com\/de\/wp-json\/wp\/v2\/types\/page"}],"author":[{"embeddable":true,"href":"https:\/\/clubatabay.com\/de\/wp-json\/wp\/v2\/users\/2"}],"replies":[{"embeddable":true,"href":"https:\/\/clubatabay.com\/de\/wp-json\/wp\/v2\/comments?post=391"}],"version-history":[{"count":4,"href":"https:\/\/clubatabay.com\/de\/wp-json\/wp\/v2\/pages\/391\/revisions"}],"predecessor-version":[{"id":452,"href":"https:\/\/clubatabay.com\/de\/wp-json\/wp\/v2\/pages\/391\/revisions\/452"}],"wp:attachment":[{"href":"https:\/\/clubatabay.com\/de\/wp-json\/wp\/v2\/media?parent=391"}],"curies":[{"name":"wp","href":"https:\/\/api.w.org\/{rel}","templated":true}]}}