{"id":178,"date":"2015-07-02T13:24:22","date_gmt":"2015-07-02T10:24:22","guid":{"rendered":"http:\/\/clubatabay.com\/en\/anasayfa\/"},"modified":"2015-08-25T11:12:52","modified_gmt":"2015-08-25T08:12:52","slug":"anasayfa","status":"publish","type":"page","link":"https:\/\/clubatabay.com\/en\/","title":{"rendered":"Main Page"},"content":{"rendered":"<div id=\"x-section-1\" class=\"x-section\" style=\"margin: 0px 0px 0px 0px; padding: 45px 0px 45px 0px;  background-color: transparent;\" ><div id=\"\" class=\"x-container max width\" style=\"margin: 0px auto 0px auto; padding: 0px 0px 0px 0px; \" ><div  class=\"x-column x-sm x-1-3\" style=\"padding: 0px 0px 0px 0px; \" ><h2  class=\"h-custom-headline center-text  h3 accent\" ><span>Club Atabay<\/span><\/h2><div id=\"\" class=\"x-text\" style=\"\" ><p><img loading=\"lazy\" decoding=\"async\" src=\"http:\/\/clubatabay.com\/wp-content\/uploads\/2015\/07\/Hakkinda1-300x200.jpg\" alt=\"Hakkinda\" width=\"300\" height=\"200\" class=\"aligncenter size-medium wp-image-30\" srcset=\"https:\/\/clubatabay.com\/wp-content\/uploads\/2015\/07\/Hakkinda1.jpg 300w, https:\/\/clubatabay.com\/wp-content\/uploads\/2015\/07\/Hakkinda1-100x67.jpg 100w\" sizes=\"(max-width: 300px) 100vw, 300px\" \/><\/p>\n<\/div><div id=\"\" class=\"x-text center-text\" style=\"\" ><div style=\"height:120px\">Club Atabay, located in a cove free from traffic and buildings, is 60 km away from Istanbul and waiting you and your family with its unique, peaceful and friendly atmosphere where green and blue meets.<\/div>\n<p><a class=\"readmore\" href=\"#\">GO TO DETAILS<\/a><\/p>\n<\/div><\/div><div  class=\"x-column x-sm x-1-3\" style=\"padding: 0px 0px 0px 0px; \" ><h2  class=\"h-custom-headline center-text  h3 accent\" ><span>Discover<\/span><\/h2><div id=\"\" class=\"x-text\" style=\"\" ><p><img loading=\"lazy\" decoding=\"async\" class=\"aligncenter size-medium wp-image-31\" src=\"http:\/\/clubatabay.com\/wp-content\/uploads\/2015\/07\/Kesfet1-300x200.jpg\" alt=\"Kesfet\" width=\"300\" height=\"200\" srcset=\"https:\/\/clubatabay.com\/wp-content\/uploads\/2015\/07\/Kesfet1.jpg 300w, https:\/\/clubatabay.com\/wp-content\/uploads\/2015\/07\/Kesfet1-100x67.jpg 100w\" sizes=\"(max-width: 300px) 100vw, 300px\" \/><\/p>\n<\/div><div id=\"\" class=\"x-text center-text\" style=\"\" ><div style=\"height:120px\">We are happy to make much of you and your family in this secret world. We recommend 3 places near Club Atabay waiting to be discovered.<\/div>\n<p><a class=\"readmore\" href=\"#\">GO TO DETAILS<\/a><\/p>\n<\/div><\/div><div  class=\"x-column x-sm x-1-3\" style=\"padding: 0px 0px 0px 0px; \" ><h2  class=\"h-custom-headline center-text  h3 accent\" ><span>Location<\/span><\/h2><div id=\"\" class=\"x-text\" style=\"\" ><p><iframe loading=\"lazy\" src=\"https:\/\/www.google.com\/maps\/embed?pb=!1m14!1m8!1m3!1d48346.22839549242!2d29.442439999999998!3d40.769958!3m2!1i1024!2i768!4f13.1!3m3!1m2!1s0x0%3A0x4e6ec99d67be7dbe!2sClub+Atabay!5e0!3m2!1str!2sus!4v1435865132841\" width=\"300\" height=\"195\" frameborder=\"0\" style=\"border:0\" allowfullscreen><\/iframe><\/p>\n<\/div><div id=\"\" class=\"x-text center-text\" style=\"\" ><div style=\"margin-top: -8px; height: 120px;\">Arpal\u0131k Mevkii, Eskihisar K\u00f6y\u00fc Gebze\/Kocaeli<br \/>\n<strong>60 km<\/strong> to Centre of Istanbul<br \/>\n<strong>20 km<\/strong> to Sabiha G\u00f6k\u00e7en Airport<br \/>\nDar\u0131ca Zoo, Eskihisar <strong>4 km<\/strong><\/div>\n<p><a class=\"readmore\" style=\"margin-top: 6px;\" href=\"\/iletisim\">GO TO DETAILS<\/a><\/p>\n<\/div><\/div><\/div><\/div><div id=\"x-section-2\" class=\"x-section\" style=\"margin: 0px 0px 0px 0px; padding: 45px 0px 45px 0px;  background-color: transparent;\" ><div id=\"\" class=\"x-container max width\" style=\"margin: 0px auto 0px auto; padding: 0px 0px 0px 0px; \" ><div  class=\"x-column x-sm x-1-1\" style=\"padding: 0px 0px 0px 0px; \" ><div  class=\"x-raw-content\" ><div class=\"rez-box\"><div class=\"closeb\"><\/div><div class=\"nextb\"><\/div><span class=\"baslik\">Hotel Reservation<\/span><a href=\"\/en\/contact\">> HOTEL<\/a><a style=\"font-size:13px\" href=\"\/en\/contact\">> HOTEL + TRANSFER<\/a><\/div><\/div><\/div><\/div><\/div>\n","protected":false},"excerpt":{"rendered":"","protected":false},"author":2,"featured_media":0,"parent":0,"menu_order":0,"comment_status":"closed","ping_status":"closed","template":"","meta":{"footnotes":""},"_links":{"self":[{"href":"https:\/\/clubatabay.com\/en\/wp-json\/wp\/v2\/pages\/178"}],"collection":[{"href":"https:\/\/clubatabay.com\/en\/wp-json\/wp\/v2\/pages"}],"about":[{"href":"https:\/\/clubatabay.com\/en\/wp-json\/wp\/v2\/types\/page"}],"author":[{"embeddable":true,"href":"https:\/\/clubatabay.com\/en\/wp-json\/wp\/v2\/users\/2"}],"replies":[{"embeddable":true,"href":"https:\/\/clubatabay.com\/en\/wp-json\/wp\/v2\/comments?post=178"}],"version-history":[{"count":5,"href":"https:\/\/clubatabay.com\/en\/wp-json\/wp\/v2\/pages\/178\/revisions"}],"predecessor-version":[{"id":454,"href":"https:\/\/clubatabay.com\/en\/wp-json\/wp\/v2\/pages\/178\/revisions\/454"}],"wp:attachment":[{"href":"https:\/\/clubatabay.com\/en\/wp-json\/wp\/v2\/media?parent=178"}],"curies":[{"name":"wp","href":"https:\/\/api.w.org\/{rel}","templated":true}]}}