{"id":208,"date":"2015-07-02T23:07:28","date_gmt":"2015-07-02T20:07:28","guid":{"rendered":"http:\/\/clubatabay.com\/en\/iletisim\/"},"modified":"2015-08-25T10:51:22","modified_gmt":"2015-08-25T07:51:22","slug":"contact","status":"publish","type":"page","link":"https:\/\/clubatabay.com\/en\/contact\/","title":{"rendered":"Contact"},"content":{"rendered":"<div id=\"x-section-1\" class=\"x-section\" style=\"margin: 0px 0px 0px 0px; padding: 45px 0px 45px 0px;  background-color: transparent;\" ><div id=\"\" class=\"x-container max width\" style=\"margin: 0px auto 0px auto; padding: 0px 0px 0px 0px; \" ><div  class=\"x-column x-sm x-1-2\" style=\"padding: 0px 0px 0px 0px; \" ><h2  class=\"h-custom-headline center-text  h3 accent\" ><span>Contact Information<\/span><\/h2><div id=\"\" class=\"x-text\" style=\"\" ><p><iframe loading=\"lazy\" src=\"https:\/\/www.google.com\/maps\/embed?pb=!1m14!1m8!1m3!1d48346.22839549242!2d29.442439999999998!3d40.769958!3m2!1i1024!2i768!4f13.1!3m3!1m2!1s0x0%3A0x4e6ec99d67be7dbe!2sClub+Atabay!5e0!3m2!1str!2sus!4v1435865132841\" width=\"100%\" height=\"300\" frameborder=\"0\" style=\"border:0\" allowfullscreen><\/iframe><\/p>\n<\/div><ul id=\"\" class=\"x-ul-icons\" style=\"\" ><li id=\"\" class=\"x-li-icon\" style=\"\" ><i class=\"x-icon-map-marker\" aria-hidden=\"true\" style=\"\" data-x-icon-s=\"&#xf041;\" ><\/i>Arpal\u0131k Mevkii, Eskihisar K\u00f6y\u00fc Gebze\/Kocaeli 41400<\/li><li id=\"\" class=\"x-li-icon\" style=\"\" ><i class=\"x-icon-phone\" aria-hidden=\"true\" style=\"\" data-x-icon-s=\"&#xf095;\" ><\/i>+90 262 655 5854<\/li><li id=\"\" class=\"x-li-icon\" style=\"\" ><i class=\"x-icon-envelope\" aria-hidden=\"true\" style=\"\" data-x-icon-s=\"&#xf0e0;\" ><\/i>info@clubatabay.com<\/li><li id=\"\" class=\"x-li-icon\" style=\"\" ><i class=\"x-icon-globe\" aria-hidden=\"true\" style=\"\" data-x-icon-s=\"&#xf57d;\" ><\/i>Centre Of Istanbul : 60km<\/li><li id=\"\" class=\"x-li-icon\" style=\"\" ><i class=\"x-icon-plane\" aria-hidden=\"true\" style=\"\" data-x-icon-s=\"&#xf072;\" ><\/i>Sabiha G\u00f6k\u00e7en Airport : 20km<\/li><li id=\"\" class=\"x-li-icon\" style=\"\" ><i class=\"x-icon-paw\" aria-hidden=\"true\" style=\"\" data-x-icon-s=\"&#xf1b0;\" ><\/i>Dar\u0131ca Zoo, Eskihisar : 4km<\/li><li id=\"\" class=\"x-li-icon\" style=\"\" ><i class=\"x-icon-ship\" aria-hidden=\"true\" style=\"\" data-x-icon-s=\"&#xf21a;\" ><\/i>Pendik \u0130DO Port : 22km<\/li><\/ul><\/div><div  class=\"x-column x-sm x-1-2\" style=\"padding: 0px 0px 0px 0px; \" ><h2  class=\"h-custom-headline center-text  h3 accent\" ><span>Contact Form<\/span><\/h2><div id=\"\" class=\"x-text\" style=\"\" ><p>\n<div class=\"wpcf7 no-js\" id=\"wpcf7-f210-o1\" lang=\"en-US\" dir=\"ltr\">\n<div class=\"screen-reader-response\"><p role=\"status\" aria-live=\"polite\" aria-atomic=\"true\"><\/p> <ul><\/ul><\/div>\n<form action=\"\/en\/wp-json\/wp\/v2\/pages\/208#wpcf7-f210-o1\" method=\"post\" class=\"wpcf7-form init\" aria-label=\"Contact form\" novalidate=\"novalidate\" data-status=\"init\">\n<div style=\"display: none;\">\n<input type=\"hidden\" name=\"_wpcf7\" value=\"210\" \/>\n<input type=\"hidden\" name=\"_wpcf7_version\" value=\"5.8.5\" \/>\n<input type=\"hidden\" name=\"_wpcf7_locale\" value=\"en_US\" \/>\n<input type=\"hidden\" name=\"_wpcf7_unit_tag\" value=\"wpcf7-f210-o1\" \/>\n<input type=\"hidden\" name=\"_wpcf7_container_post\" value=\"0\" \/>\n<input type=\"hidden\" name=\"_wpcf7_posted_data_hash\" value=\"\" \/>\n<\/div>\n<p>Name (required)\n<\/p>\n<p><span class=\"wpcf7-form-control-wrap\" data-name=\"your-name\"><input size=\"40\" class=\"wpcf7-form-control wpcf7-text wpcf7-validates-as-required\" aria-required=\"true\" aria-invalid=\"false\" value=\"\" type=\"text\" name=\"your-name\" \/><\/span>\n<\/p>\n<p>Email (required)\n<\/p>\n<p><span class=\"wpcf7-form-control-wrap\" data-name=\"your-email\"><input size=\"40\" class=\"wpcf7-form-control wpcf7-email wpcf7-validates-as-required wpcf7-text wpcf7-validates-as-email\" aria-required=\"true\" aria-invalid=\"false\" value=\"\" type=\"email\" name=\"your-email\" \/><\/span>\n<\/p>\n<p>Telephone Number\n<\/p>\n<p><span class=\"wpcf7-form-control-wrap\" data-name=\"phone\"><input size=\"40\" class=\"wpcf7-form-control wpcf7-text\" aria-invalid=\"false\" value=\"\" type=\"text\" name=\"phone\" \/><\/span>\n<\/p>\n<p>Message\n<\/p>\n<p><span class=\"wpcf7-form-control-wrap\" data-name=\"your-message\"><textarea cols=\"40\" rows=\"10\" class=\"wpcf7-form-control wpcf7-textarea\" aria-invalid=\"false\" name=\"your-message\"><\/textarea><\/span>\n<\/p>\n<p><input class=\"wpcf7-form-control wpcf7-submit has-spinner\" type=\"submit\" value=\"Send\" \/>\n<\/p><div class=\"wpcf7-response-output\" aria-hidden=\"true\"><\/div>\n<\/form>\n<\/div>\n<\/p>\n<\/div><\/div><\/div><\/div>\n","protected":false},"excerpt":{"rendered":"","protected":false},"author":2,"featured_media":0,"parent":0,"menu_order":0,"comment_status":"closed","ping_status":"closed","template":"","meta":{"footnotes":""},"_links":{"self":[{"href":"https:\/\/clubatabay.com\/en\/wp-json\/wp\/v2\/pages\/208"}],"collection":[{"href":"https:\/\/clubatabay.com\/en\/wp-json\/wp\/v2\/pages"}],"about":[{"href":"https:\/\/clubatabay.com\/en\/wp-json\/wp\/v2\/types\/page"}],"author":[{"embeddable":true,"href":"https:\/\/clubatabay.com\/en\/wp-json\/wp\/v2\/users\/2"}],"replies":[{"embeddable":true,"href":"https:\/\/clubatabay.com\/en\/wp-json\/wp\/v2\/comments?post=208"}],"version-history":[{"count":3,"href":"https:\/\/clubatabay.com\/en\/wp-json\/wp\/v2\/pages\/208\/revisions"}],"predecessor-version":[{"id":213,"href":"https:\/\/clubatabay.com\/en\/wp-json\/wp\/v2\/pages\/208\/revisions\/213"}],"wp:attachment":[{"href":"https:\/\/clubatabay.com\/en\/wp-json\/wp\/v2\/media?parent=208"}],"curies":[{"name":"wp","href":"https:\/\/api.w.org\/{rel}","templated":true}]}}